{"id":3,"date":"2023-05-25T08:33:45","date_gmt":"2023-05-25T08:33:45","guid":{"rendered":"https:\/\/demo.wabi.it\/globus\/?page_id=3"},"modified":"2023-12-20T14:30:18","modified_gmt":"2023-12-20T14:30:18","slug":"privacy-policy","status":"publish","type":"page","link":"https:\/\/www.globuscorporation.com\/it\/privacy-policy\/","title":{"rendered":"Privacy Policy"},"content":{"rendered":"\n<h2 class=\"wp-block-heading\"><strong>PRIVACY POLICY<\/strong><\/h2>\n\n\n\n<h4 class=\"wp-block-heading\"><strong>INFORMATIVA SUL TRATTAMENTO DEI DATI PERSONALI<br><\/strong><strong>AI SENSI DELL\u2019ART. 13 REG. UE 2016\/679<\/strong><\/h4>\n\n\n\n<p>Questa pagina ti informa su come Domino s.r.l., corrente in Codogn\u00e8 (TV), via Vittorio Veneto 52 (p.i. 03685100269), mail: info@globusitalia.com, pec: dominomail@legalmail.it, (di seguito il \u201cTitolare\u201d) nella sua qualit\u00e0 di Titolare del Trattamento (di seguito il \u201cTitolare\u201d o \u201cDomino\u201d) tratta i dati personali raccolti attraverso la navigazione sul proprio sito web o in occasione di altri contatti commerciali.<\/p>\n\n\n\n<p><strong><strong>1. Tipologie di dati raccolti<\/strong><\/strong><\/p>\n\n\n\n<p>I dati personali trattati dal Titolare riguardano le seguenti categorie di dati personali:<\/p>\n\n\n\n<ol>\n<li>dati relativi alla navigazione sul sito web (ad esempio: statistiche di navigazione);<\/li>\n\n\n\n<li>dati relativi alle richieste di informazioni trasmesse attraverso il sito, i nostri canali social o altri canali di comunicazione (ad esempio: dati di contatto; nome profilo, informazioni fornite nella richiesta);<\/li>\n\n\n\n<li>dati relativi agli acquisti effettuati attraverso il sito web (ad esempio: dati di fatturazione, di spedizione e di contatto; cronologia degli acquisti; dati finanziari o bancari usati per la gestione dei pagamenti e degli incassi; o comunque necessarie per l\u2019adempimento di obblighi fiscali);<\/li>\n\n\n\n<li>dati di contatto (email, numero di telefono, profilo social), forniti in occasione dell\u2019iscrizione a newsletter o nell\u2019ambito di contatti commerciali (es. richieste di informazioni);<\/li>\n\n\n\n<li>dati forniti in occasione di partecipazione a campagne promozionali e\/o informative (es. iscrizione webinar);<\/li>\n\n\n\n<li>dati relativi alla navigazione sul sito o inerenti alle preferenze d\u2019acquisto raccolti attraverso i cookie per i quali l\u2019utente abbia manifestato il proprio consenso.<\/li>\n<\/ol>\n\n\n\n<p>Il nostro sito fa uso di <em>cookie<\/em> e strumenti simili per garantire il corretto funzionamento e migliorare l\u2019esperienza di uso. Le informazioni relative ai <em>cookie<\/em> utilizzati dal sito e le preferenze relative ai cookie possono essere gestite cliccando sui link \u201cPrivacy Policy\u201d e \u201cCookie Policy\u201d presenti in fondo ad ogni pagina.<\/p>\n\n\n\n<p><strong>2. Finalit\u00e0 dei dati raccolti<\/strong><\/p>\n\n\n\n<p>I dati personali (qui di seguito anche \u201cDati\u201d) forniti al Titolare o da quest\u2019ultimo acquisiti nell\u2019ambito del rapporto contrattuale o eventualmente comunicati da terzi, saranno trattati per le seguenti finalit\u00e0:<\/p>\n\n\n\n<ol>\n<li>per assicurare il corretto funzionamento del sito internet e dare corso alla tua richiesta di accesso ai contenuti del sito<\/li>\n\n\n\n<li>per raccogliere statistiche anonime sull\u2019utilizzo del sito, per finalit\u00e0 di monitoraggio del suo corretto funzionamento e di miglioramento dei suoi contenuti nel perseguimento del legittimo interesse al miglioramento dell\u2019efficacia del sito e della strategia commerciale del titolare (art. 6, par. 1, lett. f) GDPR);<\/li>\n\n\n\n<li>per eseguire degli obblighi legali e\/o contrattuali derivanti dai contratti conclusi tra te e il Titolare ed erogare i servizi richiesti;<\/li>\n\n\n\n<li>per dare riscontro a tue specifiche richieste commerciali;<\/li>\n\n\n\n<li>per inviarti comunicazioni commerciali relativi a servizi analoghi a quelli oggetto di un precedente contratto di vendita concluso con il Titolare, fatta salva la facolt\u00e0 da parte tua di rifiutare in qualunque momento tali comunicazioni, cos\u00ec come previsto dall\u2019art. 130 d.lgs. n. 196\/2003;<\/li>\n\n\n\n<li>se fornirai il consenso all\u2019iscrizione alla nostra newsletter, per inviarti comunicazioni commerciali e\/o promozionali sui prodotti e servizi offerti dal Titolare nonch\u00e9 per effettuare ricerche di mercato;<\/li>\n\n\n\n<li>per la somministrazione di sondaggi di gradimento dei servizi, nel perseguimento del legittimo interesse del Titolare a misurare il livello di gradimento della Clientela, al fine di migliorare prodotti e servizi forniti dal Titolare e soddisfare le specifiche esigenze della Clientela (art. 6, par. 1, lett. f) GDPR);<\/li>\n\n\n\n<li>se fornirai il consenso, per la generazione di messaggi promozionali personalizzati basati sulle tue preferenze individuali (es. precedenti acquisti);<\/li>\n\n\n\n<li>se fornirai il consenso, per l\u2019elaborazione di statistiche dettagliate sull\u2019utilizzo del nostro sito e per misurare l\u2019efficacia delle nostre campagne pubblicitarie.<\/li>\n<\/ol>\n\n\n\n<p>I dati personali saranno inoltre trattati in forma anonima per finalit\u00e0 statistiche (art. 6, par. 1, lett. a) GDPR).<\/p>\n\n\n\n<p><strong>3. Modalit\u00e0 del trattamento<\/strong><\/p>\n\n\n\n<p>I dati saranno trattati: (i) da dipendenti e\/o collaboratori del Titolare ai quali saranno fornite specifiche istruzioni; (ii) da terzi, all\u2019uopo nominati responsabili del trattamento, che svolgono attivit\u00e0 inerenti la gestione del rapporto contrattuale (es. agenti di commercio) o che forniscono servizi accessori e strumentali all\u2019attivit\u00e0 del Titolare (es. agenzie di marketing, agenzie di organizzazione eventi, istituti di credito); (iii) da professionisti ed altri soggetti che prestano servizi o attivit\u00e0 strumentali alle attivit\u00e0 del Titolare (es. corrieri) (iv) da consulenti ed organismi pubblici e privati per l\u2019adempimento di obblighi di legge o per la tutela di diritti soggettivi del Titolare (es. consulenti, autorit\u00e0 giudiziarie, registro delle opposizioni).<\/p>\n\n\n\n<p><strong>4. Trasferimento di dati personali all\u2019estero e\/o comunicazioni<\/strong><\/p>\n\n\n\n<p>I trattamenti effettuati con l\u2019ausilio di strumenti informatizzati avvengono su server ubicati all\u2019interno dell\u2019Unione Europea di propriet\u00e0 e\/o nella disponibilit\u00e0 del Titolare e\/o di societ\u00e0 terze debitamente nominate quali responsabili del trattamento. Eventuali trasferimenti di dati effettuati verso Paesi terzi sono effettuati nel rispetto delle disposizioni del Capo V del Reg. UE 2016\/679 e delle altre norme applicabili.<\/p>\n\n\n\n<p>I dati di contatto inseriti in moduli di richiesta di informazioni contenuti in siti gestiti dal Titolare per particolari mercati esteri saranno comunicati ad agenti e distributori autorizzati incaricati per il Paese di residenza dell\u2019interessato, al fine di dare riscontro alla richiesta di informazioni e ricontatto.<\/p>\n\n\n\n<p>Qualora il Paese di residenza dell\u2019interessato sia ubicato all\u2019esterno dell\u2019Unione europea, ci\u00f2 determiner\u00e0 un trasferimento dei dati personali verso il Paese dove \u00e8 stabilito il rivenditore\/agente, necessario per dare esecuzione ai contatti precontrattuali espressamente richiesti dall\u2019Interessato, ai sensi dell\u2019art. 49, lett. b) GDPR.<\/p>\n\n\n\n<p><strong>5. Tempi di conservazione dei dati<\/strong><\/p>\n\n\n\n<p>I tuoi dati personali verranno conservati per tutta la durata del rapporto commerciale o comunque fino al decorso del termine ordinario di prescrizione relativo ai reciproci diritti ed obblighi sorgenti dai rapporti contrattuali costituiti tra le parti.<\/p>\n\n\n\n<p>I dati raccolti per finalit\u00e0 di marketing diretto saranno trattati per un periodo di 36 mesi, dopodich\u00e9 procederemo ad una revisione dei contatti, eliminando quelli delle persone che non hanno manifestato interesse nei nostri prodotti o chiedendo un nuovo consenso alla prosecuzione dell\u2019invio delle comunicazioni.<\/p>\n\n\n\n<p>I dati trattati per la gestione della newsletter saranno trattati fino a quando non chiederai la cancellazione dalla newsletter.<\/p>\n\n\n\n<p>I dati raccolti per finalit\u00e0 di profilazione saranno trattati per un periodo massimo di 12 mesi.<\/p>\n\n\n\n<p><strong>6. Natura del conferimento dei dati e conseguenze del rifiuto di rispondere<\/strong><\/p>\n\n\n\n<p>Il conferimento dei dati necessari allo svolgimento dei trattamenti elencati al punto 2.a) e b) \u00e8 facoltativo, ma costituisce condizione necessaria ed indispensabile per l\u2019accesso e l\u2019uso del sito: un eventuale rifiuto di fornire i dati determina, quindi, l\u2019impossibilit\u00e0 di navigare sulle pagine del sito del Titolare.<\/p>\n\n\n\n<p>Il conferimento dei dati necessari per il funzionamento del sito o per la conclusione dei contratti \u00e8 obbligatorio. Il rifiuto di fornirli impedir\u00e0 alla Societ\u00e0 di accedere al sito o dare corso alle vendite.<\/p>\n\n\n\n<p>Il conferimento del consenso al trattamento dei dati per le altre finalit\u00e0 \u00e8 facoltativo.<\/p>\n\n\n\n<p><strong>7. Modalit\u00e0 di trattamento<\/strong><\/p>\n\n\n\n<p>Il trattamento dei Dati per ciascuna delle finalit\u00e0 di cui sopra \u00e8 effettuato con modalit\u00e0 cartacee, automatizzate o elettroniche e, in particolare, a mezzo posta ordinaria o e-mail, telefono (es. chiamate automatizzate, SMS, MMS), fax e qualsiasi altro canale informatico (es. siti web, mobile, app) idonei a garantire la sicurezza e la riservatezza secondo la c.d. <em>data protection by default<\/em> ossia l\u2019applicazione di misure atte a ridurre al minimo i rischi di diffusione di dati.<\/p>\n\n\n\n<p><strong>8. Diritti dell\u2019interessato<\/strong><\/p>\n\n\n\n<p>Potrai esercitare nei confronti del Titolare i seguenti diritti:<\/p>\n\n\n\n<ol>\n<li><strong>diritto di accesso<\/strong>, ossia il diritto di ottenere dalla Societ\u00e0 la conferma che sia o meno in corso il trattamento dei Dati e, in tal caso, di ottenerne l\u2019accesso;<\/li>\n\n\n\n<li><strong>diritto di rettifica<\/strong> <strong>e cancellazione<\/strong>, ossia il diritto di ottenere la rettifica di Dati inesatti e\/o l\u2019integrazione di Dati incompleti o la cancellazione dei Dati per motivi legittimi;<\/li>\n\n\n\n<li><strong>diritto alla limitazione del trattamento<\/strong>, ossia il diritto a richiedere la sospensione del trattamento qualora sussistano motivi legittimi;<\/li>\n\n\n\n<li><strong>diritto alla portabilit\u00e0 dei dati<\/strong>, ossia il diritto di ricevere in un formato strutturato, di uso comune e leggibile i Dati, nonch\u00e9 il diritto di trasmettere i Dati ad un altro titolare del trattamento;<\/li>\n\n\n\n<li><strong>diritto di opposizione<\/strong>, ossia il diritto opporsi al trattamento dei Dati qualora sussistano motivi legittimi, ivi compresi i trattamenti di Dati per finalit\u00e0 di marketing e profilazione, se previsti;<\/li>\n\n\n\n<li><strong>diritto di revocare in ogni momento il consenso<\/strong> al trattamento, salva la liceit\u00e0 dei trattamenti effettuati in precedenza;<\/li>\n\n\n\n<li><strong>diritto di rivolgersi all\u2019autorit\u00e0<\/strong> per la protezione dei dati competente in caso di trattamento illecito dei Dati.<\/li>\n<\/ol>\n\n\n\n<p><strong><strong>9. Modalit\u00e0 di esercizio dei diritti<\/strong><\/strong><\/p>\n\n\n\n<p>Potrai esercitare tali diritti mediante il semplice invio una comunicazione cartacea o un messaggio di posta elettronica agli indirizzi indicati in cima a questa pagina.<\/p>\n\n\n\n<p>Il Titolare del trattamento avr\u00e0 cura di tenere aggiornata la presente informativa.<\/p>\n","protected":false},"excerpt":{"rendered":"<p>PRIVACY POLICY INFORMATIVA SUL TRATTAMENTO DEI DATI PERSONALIAI SENSI DELL\u2019ART. 13 REG. UE 2016\/679 Questa pagina ti informa [&hellip;]<\/p>\n","protected":false},"author":7,"featured_media":0,"parent":0,"menu_order":0,"comment_status":"closed","ping_status":"open","template":"page-privacy-cookie.php","meta":{"_acf_changed":false,"footnotes":""},"acf":[],"_links":{"self":[{"href":"https:\/\/www.globuscorporation.com\/it\/wp-json\/wp\/v2\/pages\/3"}],"collection":[{"href":"https:\/\/www.globuscorporation.com\/it\/wp-json\/wp\/v2\/pages"}],"about":[{"href":"https:\/\/www.globuscorporation.com\/it\/wp-json\/wp\/v2\/types\/page"}],"author":[{"embeddable":true,"href":"https:\/\/www.globuscorporation.com\/it\/wp-json\/wp\/v2\/users\/7"}],"replies":[{"embeddable":true,"href":"https:\/\/www.globuscorporation.com\/it\/wp-json\/wp\/v2\/comments?post=3"}],"version-history":[{"count":3,"href":"https:\/\/www.globuscorporation.com\/it\/wp-json\/wp\/v2\/pages\/3\/revisions"}],"predecessor-version":[{"id":1661,"href":"https:\/\/www.globuscorporation.com\/it\/wp-json\/wp\/v2\/pages\/3\/revisions\/1661"}],"wp:attachment":[{"href":"https:\/\/www.globuscorporation.com\/it\/wp-json\/wp\/v2\/media?parent=3"}],"curies":[{"name":"wp","href":"https:\/\/api.w.org\/{rel}","templated":true}]}}